{"id":51,"date":"2025-06-13T03:06:42","date_gmt":"2025-06-13T03:06:42","guid":{"rendered":"https:\/\/ranchito.innovalabperu.com\/?page_id=51"},"modified":"2025-07-11T16:56:17","modified_gmt":"2025-07-11T16:56:17","slug":"catalogo","status":"publish","type":"page","link":"https:\/\/ranchopecosbill.com\/en\/catalogo\/","title":{"rendered":"Cat\u00e1logo"},"content":{"rendered":"<div data-elementor-type=\"wp-page\" data-elementor-id=\"51\" class=\"elementor elementor-51\" data-elementor-post-type=\"page\">\n\t\t\t\t\t\t<section class=\"elementor-section elementor-top-section elementor-element elementor-element-b0a0196 elementor-section-boxed elementor-section-height-default elementor-section-height-default\" data-id=\"b0a0196\" data-element_type=\"section\" data-settings=\"{&quot;background_background&quot;:&quot;classic&quot;}\">\n\t\t\t\t\t\t\t<div class=\"elementor-background-overlay\"><\/div>\n\t\t\t\t\t\t\t<div class=\"elementor-container elementor-column-gap-no\">\n\t\t\t\t\t<div class=\"elementor-column elementor-col-100 elementor-top-column elementor-element elementor-element-1ae8f5f2\" data-id=\"1ae8f5f2\" data-element_type=\"column\">\n\t\t\t<div class=\"elementor-widget-wrap elementor-element-populated\">\n\t\t\t\t\t\t<div class=\"elementor-element elementor-element-1233ccdf elementor-widget__width-inherit elementor-widget elementor-widget-heading\" data-id=\"1233ccdf\" data-element_type=\"widget\" data-widget_type=\"heading.default\">\n\t\t\t\t<div class=\"elementor-widget-container\">\n\t\t\t\t\t<h1 class=\"elementor-heading-title elementor-size-default\">Cat\u00e1logo<\/h1>\t\t\t\t<\/div>\n\t\t\t\t<\/div>\n\t\t\t\t<div class=\"elementor-element elementor-element-877de06 elementor-widget__width-auto elementor-widget elementor-widget-heading\" data-id=\"877de06\" data-element_type=\"widget\" data-widget_type=\"heading.default\">\n\t\t\t\t<div class=\"elementor-widget-container\">\n\t\t\t\t\t<h2 class=\"elementor-heading-title elementor-size-default\">Inicio\/<\/h2>\t\t\t\t<\/div>\n\t\t\t\t<\/div>\n\t\t\t\t<div class=\"elementor-element elementor-element-557af60 elementor-widget__width-auto elementor-widget elementor-widget-heading\" data-id=\"557af60\" data-element_type=\"widget\" data-widget_type=\"heading.default\">\n\t\t\t\t<div class=\"elementor-widget-container\">\n\t\t\t\t\t<h2 class=\"elementor-heading-title elementor-size-default\">Cat\u00e1logo<\/h2>\t\t\t\t<\/div>\n\t\t\t\t<\/div>\n\t\t\t\t\t<\/div>\n\t\t<\/div>\n\t\t\t\t\t<\/div>\n\t\t<\/section>\n\t\t\t\t<section class=\"elementor-section elementor-top-section elementor-element elementor-element-356dfa7f elementor-section-boxed elementor-section-height-default elementor-section-height-default\" data-id=\"356dfa7f\" data-element_type=\"section\">\n\t\t\t\t\t\t\t<div class=\"elementor-background-overlay\"><\/div>\n\t\t\t\t\t\t\t<div class=\"elementor-container elementor-column-gap-no\">\n\t\t\t\t\t<div class=\"elementor-column elementor-col-100 elementor-top-column elementor-element elementor-element-37c7cdf8\" data-id=\"37c7cdf8\" data-element_type=\"column\">\n\t\t\t<div class=\"elementor-widget-wrap elementor-element-populated\">\n\t\t\t\t\t\t<section class=\"elementor-section elementor-inner-section elementor-element elementor-element-34d93f5e elementor-section-boxed elementor-section-height-default elementor-section-height-default\" data-id=\"34d93f5e\" data-element_type=\"section\">\n\t\t\t\t\t\t<div class=\"elementor-container elementor-column-gap-no\">\n\t\t\t\t\t<div class=\"elementor-column elementor-col-100 elementor-inner-column elementor-element elementor-element-1171ef2b\" data-id=\"1171ef2b\" data-element_type=\"column\">\n\t\t\t<div class=\"elementor-widget-wrap elementor-element-populated\">\n\t\t\t\t\t\t<div class=\"elementor-element elementor-element-4f4780d3 elementor-widget__width-inherit elementor-widget elementor-widget-heading\" data-id=\"4f4780d3\" data-element_type=\"widget\" data-widget_type=\"heading.default\">\n\t\t\t\t<div class=\"elementor-widget-container\">\n\t\t\t\t\t<h2 class=\"elementor-heading-title elementor-size-default\">TODOS LOS PRODUCTOS<\/h2>\t\t\t\t<\/div>\n\t\t\t\t<\/div>\n\t\t\t\t<div class=\"elementor-element elementor-element-55bab722 elementor-widget elementor-widget-text-editor\" data-id=\"55bab722\" data-element_type=\"widget\" data-widget_type=\"text-editor.default\">\n\t\t\t\t<div class=\"elementor-widget-container\">\n\t\t\t\t\t\t\t\t\t<p>Explora nuestra selecci\u00f3n completa. Aqu\u00ed encontrar\u00e1s todos los productos de Rancho Pecos Bill, elaborados con calidad y tradici\u00f3n para llevarte un pedacito del campo a casa.<\/p>\t\t\t\t\t\t\t\t<\/div>\n\t\t\t\t<\/div>\n\t\t\t\t\t<\/div>\n\t\t<\/div>\n\t\t\t\t\t<\/div>\n\t\t<\/section>\n\t\t\t\t<div class=\"elementor-element elementor-element-aeef770 elementor-widget elementor-widget-jkit_product_grid\" data-id=\"aeef770\" data-element_type=\"widget\" data-widget_type=\"jkit_product_grid.default\">\n\t\t\t\t<div class=\"elementor-widget-container\">\n\t\t\t\t\t<div  class=\"jeg-elementor-kit jkit-product-grid jkit-pagination-disable post-element jeg_module___69e7366c45d14\"  data-id=\"jeg_module___69e7366c45d14\" data-settings=\"{&quot;sg_content_column&quot;:4,&quot;sg_content_show_element&quot;:&quot;image,category,title,price,rating&quot;,&quot;sg_content_show_button&quot;:&quot;yes&quot;,&quot;sg_content_sorting&quot;:&quot;yes&quot;,&quot;sg_content_image_heading&quot;:&quot;&quot;,&quot;sg_content_image_size&quot;:&quot;&quot;,&quot;sg_content_sale&quot;:&quot;yes&quot;,&quot;sg_content_percentage&quot;:&quot;yes&quot;,&quot;number_post&quot;:{&quot;unit&quot;:&quot;px&quot;,&quot;size&quot;:8,&quot;sizes&quot;:[]},&quot;post_offset&quot;:0,&quot;wc_include_post&quot;:&quot;&quot;,&quot;wc_exclude_post&quot;:&quot;&quot;,&quot;wc_include_category&quot;:&quot;&quot;,&quot;wc_exclude_category&quot;:&quot;&quot;,&quot;wc_include_tag&quot;:&quot;&quot;,&quot;wc_exclude_tag&quot;:&quot;&quot;,&quot;sort_by&quot;:&quot;latest&quot;,&quot;pagination_mode&quot;:&quot;disable&quot;,&quot;pagination_loadmore_text&quot;:&quot;Load More&quot;,&quot;pagination_loading_text&quot;:&quot;Loading...&quot;,&quot;pagination_number_post&quot;:{&quot;unit&quot;:&quot;px&quot;,&quot;size&quot;:4,&quot;sizes&quot;:[]},&quot;pagination_scroll_limit&quot;:0,&quot;pagination_icon&quot;:{&quot;value&quot;:&quot;&quot;,&quot;library&quot;:&quot;&quot;},&quot;pagination_icon_position&quot;:&quot;before&quot;,&quot;sg_content_image_size_imagesize_size&quot;:&quot;thumbnail&quot;,&quot;post_type&quot;:&quot;product&quot;,&quot;paged&quot;:1,&quot;class&quot;:&quot;jkit_product_grid&quot;}\"><div class=\"jkit-block-container\"><div class=\"product-order\">\n\t\t\t\t<select class=\"orderby\">\n\t\t\t\t\t<option value=\"default\">Default sorting<\/option>\n\t\t\t\t\t<option value=\"popularity\">Sort by popularity<\/option>\n\t\t\t\t\t<option value=\"rating\">Sort by average rating<\/option>\n\t\t\t\t\t<option value=\"latest\">Sort by latest<\/option>\n\t\t\t\t\t<option value=\"price_high\">Sort by price: low to high<\/option>\n\t\t\t\t\t<option value=\"price_low\">Sort by price: high to low<\/option>\n\t\t\t\t<\/select>\n\t\t\t<\/div><div class=\"woocommerce\"><ul class=\"products jkit-products jkit-align-left jkit-ajax-flag\"><li class=\"product type-product post-648 status-publish first instock product_cat-nova has-post-thumbnail shipping-taxable purchasable product-type-simple jkit-product-block\"><a href=\"https:\/\/ranchopecosbill.com\/en\/product\/teca-premium\/\" class=\"jkit-product\"><div class=\"product-link\"><img decoding=\"async\" width=\"150\" height=\"150\" src=\"https:\/\/ranchopecosbill.com\/wp-content\/uploads\/2025\/06\/madera_teca_en_un_almacen_en_fondo-2-150x150.jpeg\" class=\"wp-post-image product-image\" alt=\"TECA PREMIUM\" srcset=\"https:\/\/ranchopecosbill.com\/wp-content\/uploads\/2025\/06\/madera_teca_en_un_almacen_en_fondo-2-150x150.jpeg 150w, https:\/\/ranchopecosbill.com\/wp-content\/uploads\/2025\/06\/madera_teca_en_un_almacen_en_fondo-2-300x300.jpeg 300w, https:\/\/ranchopecosbill.com\/wp-content\/uploads\/2025\/06\/madera_teca_en_un_almacen_en_fondo-2-100x100.jpeg 100w, https:\/\/ranchopecosbill.com\/wp-content\/uploads\/2025\/06\/madera_teca_en_un_almacen_en_fondo-2-600x600.jpeg 600w, https:\/\/ranchopecosbill.com\/wp-content\/uploads\/2025\/06\/madera_teca_en_un_almacen_en_fondo-2-1024x1024.jpeg 1024w, https:\/\/ranchopecosbill.com\/wp-content\/uploads\/2025\/06\/madera_teca_en_un_almacen_en_fondo-2-768x768.jpeg 768w, https:\/\/ranchopecosbill.com\/wp-content\/uploads\/2025\/06\/madera_teca_en_un_almacen_en_fondo-2-12x12.jpeg 12w, https:\/\/ranchopecosbill.com\/wp-content\/uploads\/2025\/06\/madera_teca_en_un_almacen_en_fondo-2.jpeg 1280w\" sizes=\"(max-width: 150px) 100vw, 150px\" \/><\/div><div class=\"product-categories\"><object><span><a href=\"https:\/\/ranchopecosbill.com\/en\/product-category\/nova\/\" rel=\"tag\">NOVA<\/a><\/span><\/object><\/div><h2 class=\"product-title\">TECA PREMIUM<\/h2><span class=\"price\"><span class=\"woocommerce-Price-amount amount\"><bdi><span class=\"woocommerce-Price-currencySymbol\">S\/<\/span>&nbsp;999.00<\/bdi><\/span><\/span><\/a><a href=\"\/en\/wp-json\/wp\/v2\/pages\/51?add-to-cart=648\" data-quantity=\"1\" class=\"button product_type_simple add_to_cart_button ajax_add_to_cart\" data-product_id=\"648\" data-product_sku=\"\" aria-label=\"Add to cart: \u201cTECA PREMIUM\u201d\" rel=\"nofollow\" data-no-translation-aria-label=\"\"><i class=\"fas fa-shopping-cart\"><\/i> Add to cart<\/a><\/li><\/ul><\/div><div class=\"jkit-preloader-overlay\">\n\t\t\t\t\t<div class=\"jkit-preloader-type jkit-preloader-dot\">\n\t\t\t\t\t\t<div class=\"jkit-preloader\">\n\t\t\t\t\t\t\t<span><\/span><span><\/span><span><\/span>\n\t\t\t\t\t\t<\/div>\n\t\t\t\t\t<\/div>\n\t\t\t\t<\/div><\/div><\/div>\t\t\t\t<\/div>\n\t\t\t\t<\/div>\n\t\t\t\t\t<\/div>\n\t\t<\/div>\n\t\t\t\t\t<\/div>\n\t\t<\/section>\n\t\t\t\t<\/div>","protected":false},"excerpt":{"rendered":"<p>Cat\u00e1logo Inicio\/ Cat\u00e1logo TODOS LOS PRODUCTOS Explora nuestra selecci\u00f3n completa. Aqu\u00ed encontrar\u00e1s todos los productos de Rancho Pecos Bill, elaborados con calidad y tradici\u00f3n para llevarte un pedacito del campo a casa. Default sortingSort by popularitySort by average ratingSort by latestSort by price: low to highSort by price: high to low NOVA TECA PREMIUM S\/&nbsp;999.00 [&hellip;]<\/p>","protected":false},"author":1,"featured_media":0,"parent":0,"menu_order":0,"comment_status":"closed","ping_status":"closed","template":"elementor_header_footer","meta":{"_joinchat":[],"footnotes":""},"class_list":["post-51","page","type-page","status-publish","hentry"],"_links":{"self":[{"href":"https:\/\/ranchopecosbill.com\/en\/wp-json\/wp\/v2\/pages\/51","targetHints":{"allow":["GET"]}}],"collection":[{"href":"https:\/\/ranchopecosbill.com\/en\/wp-json\/wp\/v2\/pages"}],"about":[{"href":"https:\/\/ranchopecosbill.com\/en\/wp-json\/wp\/v2\/types\/page"}],"author":[{"embeddable":true,"href":"https:\/\/ranchopecosbill.com\/en\/wp-json\/wp\/v2\/users\/1"}],"replies":[{"embeddable":true,"href":"https:\/\/ranchopecosbill.com\/en\/wp-json\/wp\/v2\/comments?post=51"}],"version-history":[{"count":25,"href":"https:\/\/ranchopecosbill.com\/en\/wp-json\/wp\/v2\/pages\/51\/revisions"}],"predecessor-version":[{"id":759,"href":"https:\/\/ranchopecosbill.com\/en\/wp-json\/wp\/v2\/pages\/51\/revisions\/759"}],"wp:attachment":[{"href":"https:\/\/ranchopecosbill.com\/en\/wp-json\/wp\/v2\/media?parent=51"}],"curies":[{"name":"wp","href":"https:\/\/api.w.org\/{rel}","templated":true}]}}